{"id":49,"date":"2012-10-30T00:06:53","date_gmt":"2012-10-30T00:06:53","guid":{"rendered":"https:\/\/alebraun.com\/fr\/?page_id=49"},"modified":"2022-04-18T12:42:19","modified_gmt":"2022-04-18T10:42:19","slug":"ourdir-tramer-tisser","status":"publish","type":"page","link":"https:\/\/alebraun.com\/fr\/galerie\/ourdir-tramer-tisser\/","title":{"rendered":"Ourdir, tramer, tisser"},"content":{"rendered":"\n<p class=\"has-text-align-right\">&#8211; Ourdir&nbsp;&#8211; Tramer &#8211; Entrelacer &#8211;<br>&#8211; d\u00e9Tisser &#8211; Tresser &#8211; d\u00e9M\u00ealer &#8211;<br>&#8211; Entrem\u00ealer &#8211;<\/p>\n\n\nngg_shortcode_0_placeholder\n","protected":false},"excerpt":{"rendered":"<p>&#8211; Ourdir&nbsp;&#8211; Tramer &#8211; Entrelacer &#8211;&#8211; d\u00e9Tisser &#8211; Tresser &#8211; d\u00e9M\u00ealer &#8211;&#8211; Entrem\u00ealer &#8211;<\/p>\n","protected":false},"author":1,"featured_media":50,"parent":44,"menu_order":220,"comment_status":"closed","ping_status":"closed","template":"","meta":{"ngg_post_thumbnail":0,"footnotes":""},"class_list":["post-49","page","type-page","status-publish","has-post-thumbnail","hentry"],"_links":{"self":[{"href":"https:\/\/alebraun.com\/fr\/wp-json\/wp\/v2\/pages\/49","targetHints":{"allow":["GET"]}}],"collection":[{"href":"https:\/\/alebraun.com\/fr\/wp-json\/wp\/v2\/pages"}],"about":[{"href":"https:\/\/alebraun.com\/fr\/wp-json\/wp\/v2\/types\/page"}],"author":[{"embeddable":true,"href":"https:\/\/alebraun.com\/fr\/wp-json\/wp\/v2\/users\/1"}],"replies":[{"embeddable":true,"href":"https:\/\/alebraun.com\/fr\/wp-json\/wp\/v2\/comments?post=49"}],"version-history":[{"count":0,"href":"https:\/\/alebraun.com\/fr\/wp-json\/wp\/v2\/pages\/49\/revisions"}],"up":[{"embeddable":true,"href":"https:\/\/alebraun.com\/fr\/wp-json\/wp\/v2\/pages\/44"}],"wp:featuredmedia":[{"embeddable":true,"href":"https:\/\/alebraun.com\/fr\/wp-json\/wp\/v2\/media\/50"}],"wp:attachment":[{"href":"https:\/\/alebraun.com\/fr\/wp-json\/wp\/v2\/media?parent=49"}],"curies":[{"name":"wp","href":"https:\/\/api.w.org\/{rel}","templated":true}]}}